{"id":2037,"date":"2024-03-04T10:38:18","date_gmt":"2024-03-04T09:38:18","guid":{"rendered":"https:\/\/www.scuolamaternaghigliotti.it\/?page_id=2037"},"modified":"2024-03-04T10:38:18","modified_gmt":"2024-03-04T09:38:18","slug":"termini-e-condizioni-sullutilizzo-del-sito","status":"publish","type":"page","link":"https:\/\/www.scuolamaternaghigliotti.it\/?page_id=2037","title":{"rendered":"Termini e condizioni sull&#8217;utilizzo del sito"},"content":{"rendered":"\n<p><\/p>\n\n\n\n<p>L&#8217;Utente che effettua la registrazione e\/o naviga sul sito:<\/p>\n\n\n\n<ol class=\"wp-block-list\">\n<li>Dichiara di accettare il presente regolamento in tutte le sue parti e di essere consapevole che pu\u00f2 essere modificato in qualsiasi momento, senza preavviso e unilateralmente;<\/li>\n\n\n\n<li>Dichiara di aver letto l&#8217;informativa sulla privacy e dichiara di essere consapevole che il trattamento dei dati personali \u00e8 necessario per ottenere il servizio del sito;<\/li>\n\n\n\n<li>Solleva gli Amministratori, i Moderatori e i Proprietari del sito da ogni responsabilit\u00e0 per pregiudizio arrecato a terze parti, che si ritenessero danneggiate o lese per il contenuto dei messaggi all&#8217;interno del forum;<\/li>\n\n\n\n<li>Dichiara di essere consapevole che il Servizio \u00e8 fornito &#8220;cos\u00ec com&#8217;\u00e8&#8221;, che non si offre alcuna garanzia con riferimento allo stesso e in ogni caso non si garantisce che sar\u00e0 privo di interruzioni, sicuro o privo di errori e\/o che qualsiasi informazione ottenuta come risultato dell&#8217;uso dei servizi sar\u00e0 corretta o affidabile;<\/li>\n\n\n\n<li>Accetta che l&#8217;invio al sito di un proprio contributo renda quest&#8217;ultimo di nostra propriet\u00e0 e che ci riserviamo il diritto di modificarlo, correggerlo, integrarlo o cancellarlo in qualunque sua parte. Ci riserviamo inoltre la facolt\u00e0 di utilizzare testi e\/o immagini pervenuti come desideriamo, compresa l&#8217;eventuale pubblicazione degli stessi su altri siti internet, riviste o in trasmissioni radio e\/o televisive.<\/li>\n<\/ol>\n","protected":false},"excerpt":{"rendered":"<p>L&#8217;Utente che effettua la registrazione e\/o naviga sul sito:<\/p>\n","protected":false},"author":1,"featured_media":2038,"parent":0,"menu_order":0,"comment_status":"closed","ping_status":"closed","template":"","meta":{"footnotes":""},"class_list":["post-2037","page","type-page","status-publish","has-post-thumbnail","hentry"],"blocksy_meta":[],"_links":{"self":[{"href":"https:\/\/www.scuolamaternaghigliotti.it\/index.php?rest_route=\/wp\/v2\/pages\/2037","targetHints":{"allow":["GET"]}}],"collection":[{"href":"https:\/\/www.scuolamaternaghigliotti.it\/index.php?rest_route=\/wp\/v2\/pages"}],"about":[{"href":"https:\/\/www.scuolamaternaghigliotti.it\/index.php?rest_route=\/wp\/v2\/types\/page"}],"author":[{"embeddable":true,"href":"https:\/\/www.scuolamaternaghigliotti.it\/index.php?rest_route=\/wp\/v2\/users\/1"}],"replies":[{"embeddable":true,"href":"https:\/\/www.scuolamaternaghigliotti.it\/index.php?rest_route=%2Fwp%2Fv2%2Fcomments&post=2037"}],"version-history":[{"count":1,"href":"https:\/\/www.scuolamaternaghigliotti.it\/index.php?rest_route=\/wp\/v2\/pages\/2037\/revisions"}],"predecessor-version":[{"id":2039,"href":"https:\/\/www.scuolamaternaghigliotti.it\/index.php?rest_route=\/wp\/v2\/pages\/2037\/revisions\/2039"}],"wp:featuredmedia":[{"embeddable":true,"href":"https:\/\/www.scuolamaternaghigliotti.it\/index.php?rest_route=\/wp\/v2\/media\/2038"}],"wp:attachment":[{"href":"https:\/\/www.scuolamaternaghigliotti.it\/index.php?rest_route=%2Fwp%2Fv2%2Fmedia&parent=2037"}],"curies":[{"name":"wp","href":"https:\/\/api.w.org\/{rel}","templated":true}]}}